{"id":1283,"date":"2025-09-16T15:30:20","date_gmt":"2025-09-16T18:30:20","guid":{"rendered":"https:\/\/elementor.extrategik.com\/?page_id=1283"},"modified":"2025-09-17T12:29:21","modified_gmt":"2025-09-17T15:29:21","slug":"cocina-de-autor","status":"publish","type":"page","link":"https:\/\/elementor.extrategik.com\/en\/cocina-de-autor\/","title":{"rendered":"Cocina de Autor"},"content":{"rendered":"<div data-elementor-type=\"wp-page\" data-elementor-id=\"1283\" class=\"elementor elementor-1283\" data-elementor-post-type=\"page\">\n\t\t\t\t<div class=\"elementor-element elementor-element-785e73b e-flex e-con-boxed e-con e-parent\" data-id=\"785e73b\" data-element_type=\"container\" data-e-type=\"container\" data-settings=\"{&quot;background_background&quot;:&quot;classic&quot;}\">\n\t\t\t\t\t<div class=\"e-con-inner\">\n\t\t\t\t<div class=\"elementor-element elementor-element-8f15aab elementor-widget elementor-widget-heading\" data-id=\"8f15aab\" data-element_type=\"widget\" data-e-type=\"widget\" data-widget_type=\"heading.default\">\n\t\t\t\t\t<h1 class=\"elementor-heading-title elementor-size-default\">Cocina de Autor<\/h1>\t\t\t\t<\/div>\n\t\t\t\t\t<\/div>\n\t\t\t\t<\/div>\n\t\t<div class=\"elementor-element elementor-element-168f765 e-flex e-con-boxed e-con e-parent\" data-id=\"168f765\" data-element_type=\"container\" data-e-type=\"container\">\n\t\t\t\t\t<div class=\"e-con-inner\">\n\t\t\t\t<div class=\"elementor-element elementor-element-c0209bf elementor-widget elementor-widget-html\" data-id=\"c0209bf\" data-element_type=\"widget\" data-e-type=\"widget\" data-widget_type=\"html.default\">\n\t\t\t\t\t<style>\r\n.cocina-section {\r\n    padding: 200px 0 180px 0;\r\n    max-width: 1200px;\r\n    margin: 0 auto;\r\n}\r\n\r\n.cocina-container {\r\n    display: flex;\r\n    gap: 0;\r\n    align-items: flex-start;\r\n    padding: 0 20px;\r\n}\r\n\r\n.cocina-left {\r\n    flex: 0 0 50%;\r\n    padding-right: 50px;\r\n}\r\n\r\n.cocina-right {\r\n    flex: 0 0 50%;\r\n    padding-left: 50px;\r\n}\r\n\r\n.cocina-titulo-principal {\r\n    font-family: 'TTFIRS static', sans-serif;\r\n    font-weight: 900;\r\n    font-size: 2.5em;\r\n    color: #D5C9B6;\r\n    line-height: 1.2;\r\n    text-align: left;\r\n    margin: 0;\r\n}\r\n\r\n.cocina-subtitulo {\r\n    font-family: 'TTFIRS static', sans-serif;\r\n    font-weight: 800;\r\n    font-size: 20px;\r\n    color: #D5C9B6;\r\n    margin-bottom: 15px;\r\n    line-height: 1.3;\r\n}\r\n\r\n.cocina-subtitulo:not(:first-child) {\r\n    margin-top: 25px;\r\n}\r\n\r\n.cocina-texto {\r\n    font-family: 'TTFIRS static', sans-serif;\r\n    font-weight: normal;\r\n    font-size: 16px;\r\n    color: #FFFFFF;\r\n    line-height: 1.6;\r\n    margin-bottom: 20px;\r\n}\r\n\r\n.cocina-texto:last-child {\r\n    margin-bottom: 0;\r\n}\r\n\r\n\/* Responsive Design *\/\r\n@media (max-width: 1024px) {\r\n    .cocina-section {\r\n        padding: 90px 0;\r\n    }\r\n    \r\n    .cocina-container {\r\n        padding: 0 25px;\r\n    }\r\n    \r\n    .cocina-left {\r\n        padding-right: 30px;\r\n    }\r\n    \r\n    .cocina-right {\r\n        padding-left: 30px;\r\n    }\r\n    \r\n    .cocina-titulo-principal {\r\n        font-size: 2.2em;\r\n    }\r\n    \r\n    .cocina-subtitulo {\r\n        font-size: 18px;\r\n    }\r\n}\r\n\r\n@media (max-width: 768px) {\r\n    .cocina-section {\r\n        padding: 75px 0;\r\n    }\r\n    \r\n    .cocina-container {\r\n        flex-direction: column;\r\n        gap: 20px;\r\n        padding: 0 20px;\r\n    }\r\n    \r\n    .cocina-left,\r\n    .cocina-right {\r\n        flex: none;\r\n        padding: 0;\r\n    }\r\n    \r\n    .cocina-titulo-principal {\r\n        font-size: 2em;\r\n        margin-bottom: 20px;\r\n    }\r\n    \r\n    .cocina-subtitulo {\r\n        font-size: 17px;\r\n    }\r\n    \r\n    .cocina-texto {\r\n        font-size: 15px;\r\n    }\r\n}\r\n\r\n@media (max-width: 480px) {\r\n    .cocina-titulo-principal {\r\n        font-size: 1.8em;\r\n    }\r\n    \r\n    .cocina-subtitulo {\r\n        font-size: 16px;\r\n    }\r\n    \r\n    .cocina-texto {\r\n        font-size: 14px;\r\n    }\r\n}\r\n<\/style>\r\n\r\n<div class=\"cocina-section\">\r\n    <div class=\"cocina-container\">\r\n        \r\n        <div class=\"cocina-left\">\r\n            <h2 class=\"cocina-titulo-principal\">La Cocina de Ruca Kitai: un sello distintivo en la regi\u00f3n<\/h2>\r\n        <\/div>\r\n        \r\n        <div class=\"cocina-right\">\r\n            <h4 class=\"cocina-subtitulo\">Sabores con esp\u00edritu de autor<\/h4>\r\n            \r\n            <p class=\"cocina-texto\">\r\n                Nuestro restaurante aporta identidad y calidez a cada estad\u00eda y ha logrado convertirse en un punto de encuentro para viajeros de toda la zona, que llegan atra\u00eddos por una propuesta aut\u00e9ntica y muy sabrosa. Cada plato refleja la esencia de nuestro entorno y es elaborado con productos de estaci\u00f3n, cosechas frescas de la huerta y exclusivos productos locales.\r\n            <\/p>\r\n            \r\n            <h4 class=\"cocina-subtitulo\">El regreso tiene otro sabor<\/h4>\r\n            \r\n            <p class=\"cocina-texto\">\r\n                Despu\u00e9s de un d\u00eda de actividades al aire libre, el fuego encendido en el hogar del restaurante da la bienvenida a los hu\u00e9spedes, con una copa de vino en mano y una cena pensada para el disfrute.\r\n            <\/p>\r\n        <\/div>\r\n        \r\n    <\/div>\r\n<\/div>\t\t\t\t<\/div>\n\t\t\t\t\t<\/div>\n\t\t\t\t<\/div>\n\t\t<div class=\"elementor-element elementor-element-c597aa6 e-con-full e-flex e-con e-parent\" data-id=\"c597aa6\" data-element_type=\"container\" data-e-type=\"container\">\n\t\t\t\t<div class=\"elementor-element elementor-element-06e418d elementor-widget elementor-widget-html\" data-id=\"06e418d\" data-element_type=\"widget\" data-e-type=\"widget\" data-widget_type=\"html.default\">\n\t\t\t\t\t<style>\r\n.parallax-cocina-section {\r\n    min-height: 60vh;\r\n    position: relative;\r\n    display: flex;\r\n    align-items: center;\r\n    padding: 120px 0;\r\n    overflow: hidden;\r\n}\r\n\r\n.parallax-cocina-bg {\r\n    position: absolute;\r\n    top: 0;\r\n    left: 0;\r\n    width: 100%;\r\n    height: 100%;\r\n    z-index: 1;\r\n}\r\n\r\n.parallax-cocina-bg video {\r\n    width: 100%;\r\n    height: 100%;\r\n    object-fit: cover;\r\n}\r\n\r\n.parallax-cocina-container {\r\n    position: relative;\r\n    z-index: 2;\r\n    max-width: 1140px;\r\n    margin: 0 auto;\r\n    padding: 0;\r\n    width: 100%;\r\n}\r\n\r\n.parallax-cocina-content {\r\n    width: 50%;\r\n    padding-left: 50px;\r\n    text-align: left;\r\n    margin-left: auto;\r\n}\r\n\r\n.parallax-cocina-titulo {\r\n    font-family: 'TTFIRS static', sans-serif;\r\n    font-weight: 900;\r\n    font-size: 2.5em;\r\n    color: #FFFFFF;\r\n    margin-bottom: 30px;\r\n    line-height: 1.2;\r\n}\r\n\r\n.parallax-cocina-texto {\r\n    font-family: 'TTFIRS static', sans-serif;\r\n    font-weight: 800;\r\n    font-size: 16px;\r\n    color: #FFFFFF;\r\n    line-height: 1.6;\r\n    margin-bottom: 30px;\r\n}\r\n\r\n.parallax-cocina-boton {\r\n    display: inline-flex;\r\n    align-items: center;\r\n    gap: 12px;\r\n    padding: 12px 30px;\r\n    font-family: 'TTFIRS static', sans-serif;\r\n    font-size: 14px;\r\n    font-weight: 800;\r\n    color: #FFFFFF;\r\n    background-color: transparent;\r\n    border: 2px solid #FFFFFF;\r\n    border-radius: 30px;\r\n    text-decoration: none;\r\n    transition: all 0.3s ease;\r\n    letter-spacing: 0.5px;\r\n}\r\n\r\n.parallax-cocina-boton:hover {\r\n    background-color: #FFFFFF;\r\n    color: #0F172A;\r\n    transform: translateY(-2px);\r\n    box-shadow: 0 8px 20px rgba(255, 255, 255, 0.3);\r\n}\r\n\r\n\/* Responsive Design *\/\r\n@media (max-width: 1024px) {\r\n    .parallax-cocina-section {\r\n        padding: 80px 0;\r\n    }\r\n    \r\n    .parallax-cocina-titulo {\r\n        font-size: 2.2em;\r\n    }\r\n}\r\n\r\n@media (max-width: 768px) {\r\n    .parallax-cocina-section {\r\n        padding: 60px 0;\r\n    }\r\n    \r\n    .parallax-cocina-content {\r\n        width: 100%;\r\n        padding-left: 20px;\r\n        padding-right: 20px;\r\n        margin-left: 0;\r\n    }\r\n    \r\n    .parallax-cocina-titulo {\r\n        font-size: 2em;\r\n    }\r\n    \r\n    .parallax-cocina-texto {\r\n        font-size: 15px;\r\n    }\r\n}\r\n\r\n@media (max-width: 480px) {\r\n    .parallax-cocina-titulo {\r\n        font-size: 1.8em;\r\n    }\r\n}\r\n<\/style>\r\n\r\n<div class=\"parallax-cocina-section\">\r\n    \r\n    <!-- Video de fondo -->\r\n    <div class=\"parallax-cocina-bg\">\r\n        <video autoplay muted loop playsinline>\r\n            <source src=\"\/wp-content\/uploads\/2025\/09\/CA-1.mp4\" type=\"video\/mp4\">\r\n            Tu navegador no soporta videos HTML5.\r\n        <\/video>\r\n    <\/div>\r\n    \r\n    <div class=\"parallax-cocina-container\">\r\n        <div class=\"parallax-cocina-content\">\r\n            \r\n            <h2 class=\"parallax-cocina-titulo\">Men\u00fa de tres pasos con alma de autor<\/h2>\r\n            \r\n            <p class=\"parallax-cocina-texto\">\r\n                <strong>Cada noche, la cocina de Ruca Kitai ofrece sabores aut\u00e9nticos de la Patagonia, una propuesta de tres pasos: entrada, plato principal y postre.<br>\r\n                Los platos se elaboran con productos regionales y de estaci\u00f3n, combinando t\u00e9cnica, identidad y elegancia. Trucha patag\u00f3nica, cordero de la zona y frutos rojos silvestres se transforman en experiencias gastron\u00f3micas memorables, donde lo local se vuelve exquisitamente \u00fanico.<\/strong>\r\n            <\/p>\r\n            \r\n            <a href=\"https:\/\/wa.me\/5491151482816?text=\u00a1Hola!%20Me%20interesa%20reservar%20para%20la%20experiencia%20gastron\u00f3mica%20de%20Ruca%20Kitai.%20\u00bfPodr\u00edan%20contarme%20sobre%20disponibilidad?\" target=\"_blank\" class=\"parallax-cocina-boton\">\r\n                Hac\u00e9 tu reserva\r\n            <\/a>\r\n            \r\n        <\/div>\r\n    <\/div>\r\n<\/div>\t\t\t\t<\/div>\n\t\t\t\t<\/div>\n\t\t<div class=\"elementor-element elementor-element-2857c17 e-flex e-con-boxed e-con e-parent\" data-id=\"2857c17\" data-element_type=\"container\" data-e-type=\"container\">\n\t\t\t\t\t<div class=\"e-con-inner\">\n\t\t\t\t<div class=\"elementor-element elementor-element-ba976c2 elementor-widget elementor-widget-html\" data-id=\"ba976c2\" data-element_type=\"widget\" data-e-type=\"widget\" data-widget_type=\"html.default\">\n\t\t\t\t\t<style>\r\n.cabana-section {\r\n    padding: 0 0 20px 0;\r\n    max-width: 1200px;\r\n    margin: 0 auto;\r\n}\r\n\r\n.cabana-container {\r\n    padding: 0 20px;\r\n}\r\n\r\n.cabana-subtitulo {\r\n    font-family: 'TTFIRS static', sans-serif;\r\n    font-weight: 800;\r\n    font-size: 16px;\r\n    color: #FFFFFF;\r\n    margin: 0 0 10px 0;\r\n}\r\n\r\n.cabana-titulo {\r\n    font-family: 'TTFIRS static', sans-serif;\r\n    font-weight: 900;\r\n    font-size: 2.5em;\r\n    color: #D5C9B6;\r\n    margin: 0 0 20px 0;\r\n    line-height: 1.2;\r\n}\r\n\r\n.cabana-contenido {\r\n    font-family: 'TTFIRS static', sans-serif;\r\n    font-weight: normal;\r\n    font-size: 16px;\r\n    color: #FFFFFF;\r\n    line-height: 1.6;\r\n}\r\n\r\n.cabana-contenido p {\r\n    margin: 0 0 8px 0;\r\n}\r\n\r\n.cabana-contenido p:last-child {\r\n    margin-bottom: 0;\r\n}\r\n\r\n\/* Responsive Design *\/\r\n@media (max-width: 1024px) {\r\n    .cabana-container {\r\n        padding: 0 50px;\r\n    }\r\n    \r\n    .cabana-titulo {\r\n        font-size: 2.2em;\r\n    }\r\n}\r\n\r\n@media (max-width: 768px) {\r\n    .cabana-container {\r\n        padding: 0 20px;\r\n    }\r\n    \r\n    .cabana-titulo {\r\n        font-size: 2em;\r\n    }\r\n    \r\n    .cabana-contenido {\r\n        font-size: 15px;\r\n    }\r\n}\r\n\r\n@media (max-width: 480px) {\r\n    .cabana-titulo {\r\n        font-size: 1.8em;\r\n    }\r\n    \r\n    .cabana-contenido {\r\n        font-size: 14px;\r\n    }\r\n}\r\n<\/style>\r\n\r\n<div class=\"cabana-section\">\r\n    <div class=\"cabana-container\">\r\n        \r\n        <!-- Subt\u00edtulo -->\r\n        <h6 class=\"cabana-subtitulo\">Restaurante<\/h6>\r\n        \r\n        <!-- T\u00edtulo principal -->\r\n        <h2 class=\"cabana-titulo\">Cocina de autor & huerta org\u00e1nica<\/h2>\r\n        \r\n        <!-- Contenido descriptivo -->\r\n        <div class=\"cabana-contenido\">\r\n            <p>En Ruca Kitai, cultivamos mucho m\u00e1s que alimentos: cultivamos conexi\u00f3n con la tierra, los ciclos y los sabores esenciales.\r\nNuestra huerta org\u00e1nica ofrece una variedad de verduras, hortalizas, hierbas arom\u00e1ticas y flores comestibles que nutren una cocina de estaci\u00f3n, consciente y creativa. Tambi\u00e9n incluimos especies silvestres y ancestrales de la regi\u00f3n \u2014plantas que formaban parte de la alimentaci\u00f3n mapuche y que hoy recuperamos con respeto y cuidado.<\/p>\r\n            \r\n            <p>Cada ingrediente que llega a la mesa conserva su origen, su estacionalidad y su identidad.\r\nEn manos de nuestra cocina de autor, estos productos se transforman en platos que combinan t\u00e9cnica, autenticidad y sensibilidad, elevando la experiencia gastron\u00f3mica a un viaje tan memorable como el paisaje que nos rodea.<\/p>\r\n            \r\n        <\/div>\r\n        \r\n    <\/div>\r\n<\/div>\t\t\t\t<\/div>\n\t\t\t\t<div class=\"elementor-element elementor-element-5b4f15c elementor-skin-carousel elementor-arrows-yes elementor-pagination-type-bullets elementor-pagination-position-outside elementor-widget elementor-widget-media-carousel\" data-id=\"5b4f15c\" data-element_type=\"widget\" data-e-type=\"widget\" data-settings=\"{&quot;space_between&quot;:{&quot;unit&quot;:&quot;px&quot;,&quot;size&quot;:20,&quot;sizes&quot;:[]},&quot;skin&quot;:&quot;carousel&quot;,&quot;effect&quot;:&quot;slide&quot;,&quot;show_arrows&quot;:&quot;yes&quot;,&quot;pagination&quot;:&quot;bullets&quot;,&quot;speed&quot;:500,&quot;autoplay&quot;:&quot;yes&quot;,&quot;autoplay_speed&quot;:5000,&quot;loop&quot;:&quot;yes&quot;,&quot;pause_on_hover&quot;:&quot;yes&quot;,&quot;pause_on_interaction&quot;:&quot;yes&quot;,&quot;space_between_tablet&quot;:{&quot;unit&quot;:&quot;px&quot;,&quot;size&quot;:10,&quot;sizes&quot;:[]},&quot;space_between_mobile&quot;:{&quot;unit&quot;:&quot;px&quot;,&quot;size&quot;:10,&quot;sizes&quot;:[]}}\" data-widget_type=\"media-carousel.default\">\n\t\t\t\t\t\t\t\t\t\t<div class=\"elementor-main-swiper swiper\" role=\"region\" aria-roledescription=\"carousel\" aria-label=\"Slides\">\n\t\t\t\t<div class=\"swiper-wrapper\">\n\t\t\t\t\t\t\t\t\t\t\t<div class=\"swiper-slide\" role=\"group\" aria-roledescription=\"slide\">\n\t\t\t\t\t\t\t\t\t<div class=\"elementor-carousel-image\" role=\"img\" aria-label=\"FF15\" style=\"background-image: url(&#039;https:\/\/elementor.extrategik.com\/wp-content\/uploads\/2025\/09\/FF15.png&#039;)\">\n\n\t\t\t\n\t\t\t\t\t<\/div>\n\t\t\t\t\t\t\t\t<\/div>\n\t\t\t\t\t\t\t\t\t\t\t<div class=\"swiper-slide\" role=\"group\" aria-roledescription=\"slide\">\n\t\t\t\t\t\t\t\t\t<div class=\"elementor-carousel-image\" role=\"img\" aria-label=\"FF 2\" style=\"background-image: url(&#039;https:\/\/elementor.extrategik.com\/wp-content\/uploads\/2025\/09\/FF-2.png&#039;)\">\n\n\t\t\t\n\t\t\t\t\t<\/div>\n\t\t\t\t\t\t\t\t<\/div>\n\t\t\t\t\t\t\t\t\t\t\t<div class=\"swiper-slide\" role=\"group\" aria-roledescription=\"slide\">\n\t\t\t\t\t\t\t\t\t<div class=\"elementor-carousel-image\" role=\"img\" aria-label=\"FF4\" style=\"background-image: url(&#039;https:\/\/elementor.extrategik.com\/wp-content\/uploads\/2025\/09\/FF4.png&#039;)\">\n\n\t\t\t\n\t\t\t\t\t<\/div>\n\t\t\t\t\t\t\t\t<\/div>\n\t\t\t\t\t\t\t\t\t\t\t<div class=\"swiper-slide\" role=\"group\" aria-roledescription=\"slide\">\n\t\t\t\t\t\t\t\t\t<div class=\"elementor-carousel-image\" role=\"img\" aria-label=\"FF5\" style=\"background-image: url(&#039;https:\/\/elementor.extrategik.com\/wp-content\/uploads\/2025\/09\/FF5.png&#039;)\">\n\n\t\t\t\n\t\t\t\t\t<\/div>\n\t\t\t\t\t\t\t\t<\/div>\n\t\t\t\t\t\t\t\t\t\t\t<div class=\"swiper-slide\" role=\"group\" aria-roledescription=\"slide\">\n\t\t\t\t\t\t\t\t\t<div class=\"elementor-carousel-image\" role=\"img\" aria-label=\"FF9\" style=\"background-image: url(&#039;https:\/\/elementor.extrategik.com\/wp-content\/uploads\/2025\/09\/FF9-scaled.jpg&#039;)\">\n\n\t\t\t\n\t\t\t\t\t<\/div>\n\t\t\t\t\t\t\t\t<\/div>\n\t\t\t\t\t\t\t\t\t<\/div>\n\t\t\t\t\t\t\t\t\t\t\t\t\t\t\t<div class=\"elementor-swiper-button elementor-swiper-button-prev\" role=\"button\" tabindex=\"0\" aria-label=\"Previous\">\n\t\t\t\t\t\t\t<svg aria-hidden=\"true\" class=\"e-font-icon-svg e-eicon-chevron-left\" viewbox=\"0 0 1000 1000\" xmlns=\"http:\/\/www.w3.org\/2000\/svg\"><path d=\"M646 125C629 125 613 133 604 142L308 442C296 454 292 471 292 487 292 504 296 521 308 533L604 854C617 867 629 875 646 875 663 875 679 871 692 858 704 846 713 829 713 812 713 796 708 779 692 767L438 487 692 225C700 217 708 204 708 187 708 171 704 154 692 142 675 129 663 125 646 125Z\"><\/path><\/svg>\t\t\t\t\t\t<\/div>\n\t\t\t\t\t\t<div class=\"elementor-swiper-button elementor-swiper-button-next\" role=\"button\" tabindex=\"0\" aria-label=\"Next\">\n\t\t\t\t\t\t\t<svg aria-hidden=\"true\" class=\"e-font-icon-svg e-eicon-chevron-right\" viewbox=\"0 0 1000 1000\" xmlns=\"http:\/\/www.w3.org\/2000\/svg\"><path d=\"M696 533C708 521 713 504 713 487 713 471 708 454 696 446L400 146C388 133 375 125 354 125 338 125 325 129 313 142 300 154 292 171 292 187 292 204 296 221 308 233L563 492 304 771C292 783 288 800 288 817 288 833 296 850 308 863 321 871 338 875 354 875 371 875 388 867 400 854L696 533Z\"><\/path><\/svg>\t\t\t\t\t\t<\/div>\n\t\t\t\t\t\t\t\t\t\t\t\t\t\t\t\t<div class=\"swiper-pagination\"><\/div>\n\t\t\t\t\t\t\t\t\t\t\t\t<\/div>\n\t\t\t\t\t\t\t\t<\/div>\n\t\t\t\t\t<\/div>\n\t\t\t\t<\/div>\n\t\t<div class=\"elementor-element elementor-element-6f620be e-flex e-con-boxed e-con e-parent\" data-id=\"6f620be\" data-element_type=\"container\" data-e-type=\"container\">\n\t\t\t\t\t<div class=\"e-con-inner\">\n\t\t\t\t<div class=\"elementor-element elementor-element-bc51616 elementor-widget elementor-widget-html\" data-id=\"bc51616\" data-element_type=\"widget\" data-e-type=\"widget\" data-widget_type=\"html.default\">\n\t\t\t\t\t<style>\r\n.cta-section {\r\n    padding: 80px 0;\r\n    max-width: 1200px;\r\n    margin: 0 auto;\r\n}\r\n\r\n.cta-container {\r\n    display: flex;\r\n    align-items: center;\r\n    gap: 0;\r\n    padding: 0 20px;\r\n}\r\n\r\n.cta-content {\r\n    flex: 0 0 60%;\r\n    padding-right: 40px;\r\n}\r\n\r\n.cta-titulo {\r\n    font-family: 'TTFIRS static', sans-serif;\r\n    font-weight: 900;\r\n    font-size: 2.2em;\r\n    color: #D5C9B6;\r\n    margin-bottom: 15px;\r\n    line-height: 1.3;\r\n}\r\n\r\n.cta-divider {\r\n    width: 8%;\r\n    height: 3px;\r\n    background-color: #D5C9B6;\r\n    margin-bottom: 20px;\r\n    border-radius: 2px;\r\n}\r\n\r\n.cta-subtitulo {\r\n    font-family: 'TTFIRS static', sans-serif;\r\n    font-weight: 600;\r\n    font-size: 20px;\r\n    color: #FFFFFF;\r\n    line-height: 1.4;\r\n    margin: 0;\r\n}\r\n\r\n.cta-button-container {\r\n    flex: 0 0 40%;\r\n    display: flex;\r\n    justify-content: center;\r\n    align-items: center;\r\n}\r\n\r\n.cta-button {\r\n    display: inline-block;\r\n    padding: 15px 40px;\r\n    font-family: 'TTFIRS static', sans-serif;\r\n    font-size: 16px;\r\n    font-weight: 800;\r\n    color: #D5C9B6;\r\n    background-color: transparent;\r\n    border: 2px solid #D5C9B6;\r\n    border-radius: 30px;\r\n    text-decoration: none;\r\n    transition: all 0.3s ease;\r\n    letter-spacing: 0.5px;\r\n}\r\n\r\n.cta-button:hover {\r\n    background-color: #D5C9B6;\r\n    color: #0F172A;\r\n    transform: translateY(-2px);\r\n    box-shadow: 0 8px 20px rgba(213, 201, 182, 0.3);\r\n}\r\n\r\n\/* Responsive Design *\/\r\n@media (max-width: 1024px) {\r\n    .cta-section {\r\n        padding: 70px 0;\r\n    }\r\n    \r\n    .cta-content {\r\n        padding-right: 30px;\r\n    }\r\n    \r\n    .cta-titulo {\r\n        font-size: 2em;\r\n    }\r\n    \r\n    .cta-subtitulo {\r\n        font-size: 18px;\r\n    }\r\n}\r\n\r\n@media (max-width: 768px) {\r\n    .cta-section {\r\n        padding: 60px 0;\r\n    }\r\n    \r\n    .cta-container {\r\n        flex-direction: column;\r\n        gap: 40px;\r\n        text-align: center;\r\n    }\r\n    \r\n    .cta-content {\r\n        flex: none;\r\n        padding-right: 0;\r\n        width: 100%;\r\n    }\r\n    \r\n    .cta-button-container {\r\n        flex: none;\r\n        width: 100%;\r\n    }\r\n    \r\n    .cta-titulo {\r\n        font-size: 1.8em;\r\n    }\r\n    \r\n    .cta-subtitulo {\r\n        font-size: 17px;\r\n    }\r\n    \r\n    .cta-divider {\r\n        margin: 15px auto 20px;\r\n    }\r\n}\r\n\r\n@media (max-width: 480px) {\r\n    .cta-section {\r\n        padding: 50px 0;\r\n    }\r\n    \r\n    .cta-container {\r\n        padding: 0 15px;\r\n        gap: 30px;\r\n    }\r\n    \r\n    .cta-titulo {\r\n        font-size: 1.6em;\r\n    }\r\n    \r\n    .cta-subtitulo {\r\n        font-size: 16px;\r\n    }\r\n    \r\n    .cta-button {\r\n        padding: 12px 30px;\r\n        font-size: 15px;\r\n    }\r\n}\r\n<\/style>\r\n\r\n<div class=\"cta-section\">\r\n    <div class=\"cta-container\">\r\n        <div class=\"cta-content\">\r\n            <h2 class=\"cta-titulo\">Gastronom\u00eda consciente y flexible<\/h2>\r\n            \r\n            <h3 class=\"cta-subtitulo\">Ofrecemos opciones personalizadas para quienes siguen dietas espec\u00edficas o requieren atenci\u00f3n especial.<\/h3>\r\n        <\/div>\r\n        \r\n        <div class=\"cta-button-container\">\r\n            <a href=\"https:\/\/api.whatsapp.com\/send\/?phone=5491151482816&text=%C2%A1Hola%21+Me+interesa+alojarme+en+Ruca+Kitai.+%C2%BFPodr%C3%ADan+contarme+sobre+disponibilidad+y+tarifas%3F&type=phone_number&app_absent=0\" target=\"_blank\" class=\"cta-button\">\r\n                Consultanos\r\n            <\/a>\r\n        <\/div>\r\n    <\/div>\r\n<\/div>\t\t\t\t<\/div>\n\t\t\t\t\t<\/div>\n\t\t\t\t<\/div>\n\t\t\t\t<\/div>","protected":false},"excerpt":{"rendered":"<p>Cocina de Autor La Cocina de Ruca Kitai: un sello distintivo en la regi\u00f3n Sabores con esp\u00edritu de autor Nuestro restaurante aporta identidad y calidez a cada estad\u00eda y ha logrado convertirse en un punto de encuentro para viajeros de toda la zona, que llegan atra\u00eddos por una propuesta aut\u00e9ntica y muy sabrosa. Cada plato [&hellip;]<\/p>\n","protected":false},"author":1,"featured_media":0,"parent":0,"menu_order":0,"comment_status":"closed","ping_status":"closed","template":"","meta":{"footnotes":""},"class_list":["post-1283","page","type-page","status-publish","hentry"],"_links":{"self":[{"href":"https:\/\/elementor.extrategik.com\/en\/wp-json\/wp\/v2\/pages\/1283","targetHints":{"allow":["GET"]}}],"collection":[{"href":"https:\/\/elementor.extrategik.com\/en\/wp-json\/wp\/v2\/pages"}],"about":[{"href":"https:\/\/elementor.extrategik.com\/en\/wp-json\/wp\/v2\/types\/page"}],"author":[{"embeddable":true,"href":"https:\/\/elementor.extrategik.com\/en\/wp-json\/wp\/v2\/users\/1"}],"replies":[{"embeddable":true,"href":"https:\/\/elementor.extrategik.com\/en\/wp-json\/wp\/v2\/comments?post=1283"}],"version-history":[{"count":55,"href":"https:\/\/elementor.extrategik.com\/en\/wp-json\/wp\/v2\/pages\/1283\/revisions"}],"predecessor-version":[{"id":1530,"href":"https:\/\/elementor.extrategik.com\/en\/wp-json\/wp\/v2\/pages\/1283\/revisions\/1530"}],"wp:attachment":[{"href":"https:\/\/elementor.extrategik.com\/en\/wp-json\/wp\/v2\/media?parent=1283"}],"curies":[{"name":"wp","href":"https:\/\/api.w.org\/{rel}","templated":true}]}}