{"id":1202,"date":"2025-09-16T01:04:06","date_gmt":"2025-09-16T04:04:06","guid":{"rendered":"https:\/\/elementor.extrategik.com\/?page_id=1202"},"modified":"2025-09-17T12:34:39","modified_gmt":"2025-09-17T15:34:39","slug":"spa-y-bienestar","status":"publish","type":"page","link":"https:\/\/elementor.extrategik.com\/en\/spa-y-bienestar\/","title":{"rendered":"SPA y Bienestar"},"content":{"rendered":"<div data-elementor-type=\"wp-page\" data-elementor-id=\"1202\" class=\"elementor elementor-1202\" data-elementor-post-type=\"page\">\n\t\t\t\t<div class=\"elementor-element elementor-element-c3eb8bd e-flex e-con-boxed e-con e-parent\" data-id=\"c3eb8bd\" data-element_type=\"container\" data-e-type=\"container\" data-settings=\"{&quot;background_background&quot;:&quot;classic&quot;}\">\n\t\t\t\t\t<div class=\"e-con-inner\">\n\t\t\t\t<div class=\"elementor-element elementor-element-f52b9a6 elementor-widget elementor-widget-heading\" data-id=\"f52b9a6\" data-element_type=\"widget\" data-e-type=\"widget\" data-widget_type=\"heading.default\">\n\t\t\t\t\t<h1 class=\"elementor-heading-title elementor-size-default\">Spa &amp; Bienestar<\/h1>\t\t\t\t<\/div>\n\t\t\t\t\t<\/div>\n\t\t\t\t<\/div>\n\t\t<div class=\"elementor-element elementor-element-8883851 e-flex e-con-boxed e-con e-parent\" data-id=\"8883851\" data-element_type=\"container\" data-e-type=\"container\">\n\t\t\t\t\t<div class=\"e-con-inner\">\n\t\t\t\t<div class=\"elementor-element elementor-element-8cd441d elementor-widget elementor-widget-html\" data-id=\"8cd441d\" data-element_type=\"widget\" data-e-type=\"widget\" data-widget_type=\"html.default\">\n\t\t\t\t\t<style>\r\n.refugio-spa-section {\r\n    padding: 200px 0 180px 0;\r\n    max-width: 1200px;\r\n    margin: 0 auto;\r\n}\r\n\r\n.refugio-spa-container {\r\n    display: flex;\r\n    gap: 0;\r\n    align-items: flex-start;\r\n    padding: 0 20px;\r\n}\r\n\r\n.refugio-spa-left {\r\n    flex: 0 0 50%;\r\n    padding-right: 50px;\r\n}\r\n\r\n.refugio-spa-right {\r\n    flex: 0 0 50%;\r\n    padding-left: 50px;\r\n}\r\n\r\n.refugio-spa-titulo-principal {\r\n    font-family: 'TTFIRS static', sans-serif;\r\n    font-weight: 900;\r\n    font-size: 2.5em;\r\n    color: #D5C9B6;\r\n    line-height: 1.2;\r\n    text-align: left;\r\n    margin: 0;\r\n}\r\n\r\n.refugio-spa-subtitulo {\r\n    font-family: 'TTFIRS static', sans-serif;\r\n    font-weight: 800;\r\n    font-size: 20px;\r\n    color: #D5C9B6;\r\n    margin-bottom: 20px;\r\n    line-height: 1.3;\r\n}\r\n\r\n.refugio-spa-texto {\r\n    font-family: 'TTFIRS static', sans-serif;\r\n    font-weight: normal;\r\n    font-size: 16px;\r\n    color: #FFFFFF;\r\n    line-height: 1.6;\r\n}\r\n\r\n.refugio-spa-texto p {\r\n    margin: 0 0 15px 0;\r\n}\r\n\r\n.refugio-spa-texto p:last-child {\r\n    margin-bottom: 0;\r\n}\r\n\r\n\/* Responsive Design *\/\r\n@media (max-width: 1024px) {\r\n    .refugio-spa-section {\r\n        padding: 90px 0;\r\n    }\r\n    \r\n    .refugio-spa-container {\r\n        padding: 0 25px;\r\n    }\r\n    \r\n    .refugio-spa-left {\r\n        padding-right: 30px;\r\n    }\r\n    \r\n    .refugio-spa-right {\r\n        padding-left: 30px;\r\n    }\r\n    \r\n    .refugio-spa-titulo-principal {\r\n        font-size: 2.2em;\r\n    }\r\n    \r\n    .refugio-spa-subtitulo {\r\n        font-size: 18px;\r\n    }\r\n}\r\n\r\n@media (max-width: 768px) {\r\n    .refugio-spa-section {\r\n        padding: 75px 0;\r\n    }\r\n    \r\n    .refugio-spa-container {\r\n        flex-direction: column;\r\n        gap: 20px;\r\n        padding: 0 20px;\r\n    }\r\n    \r\n    .refugio-spa-left,\r\n    .refugio-spa-right {\r\n        flex: none;\r\n        padding: 0;\r\n    }\r\n    \r\n    .refugio-spa-titulo-principal {\r\n        font-size: 2em;\r\n        margin-bottom: 20px;\r\n    }\r\n    \r\n    .refugio-spa-subtitulo {\r\n        font-size: 17px;\r\n    }\r\n    \r\n    .refugio-spa-texto {\r\n        font-size: 15px;\r\n    }\r\n}\r\n\r\n@media (max-width: 480px) {\r\n    .refugio-spa-titulo-principal {\r\n        font-size: 1.8em;\r\n    }\r\n    \r\n    .refugio-spa-subtitulo {\r\n        font-size: 16px;\r\n    }\r\n}\r\n<\/style>\r\n\r\n<div class=\"refugio-spa-section\">\r\n    <div class=\"refugio-spa-container\">\r\n        \r\n        <div class=\"refugio-spa-left\">\r\n            <h2 class=\"refugio-spa-titulo-principal\">Un refugio para el cuerpo y la mente<\/h2>\r\n        <\/div>\r\n        \r\n        <div class=\"refugio-spa-right\">\r\n            <h4 class=\"refugio-spa-subtitulo\">Mucho m\u00e1s que un lodge: reconexi\u00f3n y belleza salvaje en la Patagonia m\u00e1s serena<\/h4>\r\n            \r\n            <div class=\"refugio-spa-texto\">\r\n                <p>El alma de Ruca Kitai no est\u00e1 solo en sus r\u00edos, sino tambi\u00e9n en el silencio, la calma y la naturaleza intacta que nos rodea. Por eso, adem\u00e1s de ser base para jornadas intensas de pesca, el lodge ofrece un espacio de bienestar pensado para todos los hu\u00e9spedes: desde quienes buscan relajar el cuerpo despu\u00e9s de un d\u00eda en el agua, hasta quienes vienen en busca de descanso, reconexi\u00f3n o inspiraci\u00f3n creativa.<\/p>\r\n                \r\n                <p>Un entorno cuidado, \u00edntimo, rodeado de naturaleza virgen, donde cada detalle \u2014la arquitectura, la alimentaci\u00f3n, los aromas, la temperatura, la m\u00fasica\u2014 est\u00e1 pensado para facilitar la calma profunda y el bienestar integral.<\/p>\r\n            <\/div>\r\n        <\/div>\r\n        \r\n    <\/div>\r\n<\/div>\t\t\t\t<\/div>\n\t\t\t\t\t<\/div>\n\t\t\t\t<\/div>\n\t\t<div class=\"elementor-element elementor-element-3e98148 e-flex e-con-boxed e-con e-parent\" data-id=\"3e98148\" data-element_type=\"container\" data-e-type=\"container\">\n\t\t\t\t\t<div class=\"e-con-inner\">\n\t\t\t\t<div class=\"elementor-element elementor-element-0427f3c elementor-widget elementor-widget-html\" data-id=\"0427f3c\" data-element_type=\"widget\" data-e-type=\"widget\" data-widget_type=\"html.default\">\n\t\t\t\t\t<style>\r\n.parallax-bienestar-section {\r\n    min-height: 70vh;\r\n    background-image: url('\/wp-content\/uploads\/2025\/09\/S13.jpg');\r\n    background-position: center center;\r\n    background-attachment: fixed;\r\n    background-repeat: no-repeat;\r\n    background-size: cover;\r\n    position: relative;\r\n    display: flex;\r\n    align-items: center;\r\n    padding: 170px 0;\r\n    width: 100%;\r\n}\r\n\r\n.parallax-bienestar-section::before {\r\n    content: '';\r\n    position: absolute;\r\n    top: 0;\r\n    left: 0;\r\n    right: 0;\r\n    bottom: 0;\r\n    z-index: 1;\r\n}\r\n\r\n.parallax-bienestar-container {\r\n    position: relative;\r\n    z-index: 2;\r\n    max-width: 1140px;\r\n    margin: 0 auto;\r\n    padding: 0;\r\n    width: 100%;\r\n}\r\n\r\n.parallax-bienestar-content {\r\n    width: 50%;\r\n    padding-left: 50px;\r\n    text-align: left;\r\n    margin-left: auto;\r\n}\r\n\r\n.parallax-bienestar-titulo {\r\n    font-family: 'TTFIRS static', sans-serif;\r\n    font-weight: 900;\r\n    font-size: 2.5em;\r\n    color: #0F172A;\r\n    margin-bottom: 30px;\r\n    line-height: 1.2;\r\n}\r\n\r\n.parallax-bienestar-texto {\r\n    font-family: 'TTFIRS static', sans-serif;\r\n    font-weight: 800;\r\n    font-size: 16px;\r\n    color: #0F172A;\r\n    line-height: 1.6;\r\n    margin-bottom: 30px;\r\n}\r\n\r\n.parallax-bienestar-texto p {\r\n    margin: 0 0 15px 0;\r\n}\r\n\r\n.parallax-bienestar-texto p:last-child {\r\n    margin-bottom: 0;\r\n}\r\n\r\n.parallax-bienestar-boton {\r\n    display: inline-flex;\r\n    align-items: center;\r\n    gap: 12px;\r\n    padding: 12px 30px;\r\n    font-family: 'TTFIRS static', sans-serif;\r\n    font-size: 14px;\r\n    font-weight: 800;\r\n    color: #0F172A;\r\n    background-color: transparent;\r\n    border: 2px solid #0F172A;\r\n    border-radius: 30px;\r\n    text-decoration: none;\r\n    transition: all 0.3s ease;\r\n    letter-spacing: 0.5px;\r\n}\r\n\r\n.parallax-bienestar-boton:hover {\r\n    background-color: #0F172A;\r\n    color: #FFFFFF;\r\n    transform: translateY(-2px);\r\n    box-shadow: 0 8px 20px rgba(255, 255, 255, 0.3);\r\n}\r\n\r\n\/* Responsive Design *\/\r\n@media (max-width: 1024px) {\r\n    .parallax-bienestar-section {\r\n        padding: 80px 0;\r\n    }\r\n    \r\n    .parallax-bienestar-titulo {\r\n        font-size: 2.2em;\r\n    }\r\n}\r\n\r\n@media (max-width: 768px) {\r\n    .parallax-bienestar-section {\r\n        padding: 60px 0;\r\n        background-attachment: scroll;\r\n    }\r\n    \r\n    .parallax-bienestar-content {\r\n        width: 100%;\r\n        padding-left: 20px;\r\n        padding-right: 20px;\r\n        margin-left: 0;\r\n    }\r\n    \r\n    .parallax-bienestar-titulo {\r\n        font-size: 2em;\r\n    }\r\n    \r\n    .parallax-bienestar-texto {\r\n        font-size: 15px;\r\n    }\r\n}\r\n\r\n@media (max-width: 480px) {\r\n    .parallax-bienestar-titulo {\r\n        font-size: 1.8em;\r\n    }\r\n}\r\n<\/style>\r\n\r\n<div class=\"parallax-bienestar-section\">\r\n    <div class=\"parallax-bienestar-container\">\r\n        <div class=\"parallax-bienestar-content\">\r\n            \r\n            <h2 class=\"parallax-bienestar-titulo\">Experiencias de bienestar<\/h2>\r\n            \r\n            <div class=\"parallax-bienestar-texto\">\r\n                <p><strong>Masajes, hidroterapia, tratamientos corporales y faciales, aromaterapia, ba\u00f1os de bosque, caminatas conscientes y alimentaci\u00f3n de estaci\u00f3n. Una propuesta que puede integrarse a cualquier estad\u00eda, sin importar el motivo del viaje.<\/strong><\/p>\r\n                \r\n                <p><strong>En Ruca Kitai, cada hu\u00e9sped puede entregarse a su propia forma de pausa, belleza o contemplaci\u00f3n.<\/strong><\/p>\r\n            <\/div>\r\n            \r\n            <a href=\"https:\/\/wa.me\/5491151482816?text=\u00a1Hola!%20Me%20interesan%20las%20experiencias%20de%20bienestar%20que%20ofrecen.%20\u00bfPodr\u00edan%20contarme%20m\u00e1s%20sobre%20los%20servicios%20del%20spa?\" target=\"_blank\" class=\"parallax-bienestar-boton\">\r\n                M\u00e1s informaci\u00f3n\r\n            <\/a>\r\n            \r\n        <\/div>\r\n    <\/div>\r\n<\/div>\t\t\t\t<\/div>\n\t\t\t\t\t<\/div>\n\t\t\t\t<\/div>\n\t\t<div class=\"elementor-element elementor-element-1d1e1b4 e-flex e-con-boxed e-con e-parent\" data-id=\"1d1e1b4\" data-element_type=\"container\" data-e-type=\"container\">\n\t\t\t\t\t<div class=\"e-con-inner\">\n\t\t\t\t<div class=\"elementor-element elementor-element-86656f7 elementor-widget elementor-widget-html\" data-id=\"86656f7\" data-element_type=\"widget\" data-e-type=\"widget\" data-widget_type=\"html.default\">\n\t\t\t\t\t<style>\r\n.spa-bienestar-section {\r\n    padding: 190px 0 20px 0;\r\n    max-width: 1200px;\r\n    margin: 0 auto;\r\n}\r\n\r\n.spa-bienestar-container {\r\n    padding: 0 20px;\r\n}\r\n\r\n.spa-bienestar-subtitulo {\r\n    font-family: 'TTFIRS static', sans-serif;\r\n    font-weight: 800;\r\n    font-size: 16px;\r\n    color: #FFFFFF;\r\n    margin: 0 0 10px 0;\r\n}\r\n\r\n.spa-bienestar-titulo {\r\n    font-family: 'TTFIRS static', sans-serif;\r\n    font-weight: 900;\r\n    font-size: 2.5em;\r\n    color: #D5C9B6;\r\n    margin: 0 0 20px 0;\r\n    line-height: 1.2;\r\n}\r\n\r\n.spa-bienestar-subtitulo-secundario {\r\n    font-family: 'TTFIRS static', sans-serif;\r\n    font-weight: 800;\r\n    font-size: 20px;\r\n    color: #D5C9B6;\r\n    margin: 0 0 20px 0;\r\n    line-height: 1.3;\r\n}\r\n\r\n.spa-bienestar-contenido {\r\n    font-family: 'TTFIRS static', sans-serif;\r\n    font-weight: normal;\r\n    font-size: 16px;\r\n    color: #FFFFFF;\r\n    line-height: 1.6;\r\n}\r\n\r\n.spa-bienestar-contenido p {\r\n    margin: 0 0 15px 0;\r\n}\r\n\r\n.spa-bienestar-contenido p:last-child {\r\n    margin-bottom: 0;\r\n}\r\n\r\n\/* Responsive Design *\/\r\n@media (max-width: 1024px) {\r\n    .spa-bienestar-section {\r\n        padding: 80px 0;\r\n    }\r\n    \r\n    .spa-bienestar-container {\r\n        padding: 0 50px;\r\n    }\r\n    \r\n    .spa-bienestar-titulo {\r\n        font-size: 2.2em;\r\n    }\r\n    \r\n    .spa-bienestar-subtitulo-secundario {\r\n        font-size: 18px;\r\n    }\r\n}\r\n\r\n@media (max-width: 768px) {\r\n    .spa-bienestar-section {\r\n        padding: 60px 0;\r\n    }\r\n    \r\n    .spa-bienestar-container {\r\n        padding: 0 20px;\r\n    }\r\n    \r\n    .spa-bienestar-titulo {\r\n        font-size: 2em;\r\n    }\r\n    \r\n    .spa-bienestar-subtitulo-secundario {\r\n        font-size: 17px;\r\n    }\r\n    \r\n    .spa-bienestar-contenido {\r\n        font-size: 15px;\r\n    }\r\n}\r\n\r\n@media (max-width: 480px) {\r\n    .spa-bienestar-titulo {\r\n        font-size: 1.8em;\r\n    }\r\n    \r\n    .spa-bienestar-subtitulo-secundario {\r\n        font-size: 16px;\r\n    }\r\n    \r\n    .spa-bienestar-contenido {\r\n        font-size: 14px;\r\n    }\r\n}\r\n<\/style>\r\n\r\n<div class=\"spa-bienestar-section\">\r\n    <div class=\"spa-bienestar-container\">\r\n        \r\n        <!-- Subt\u00edtulo -->\r\n        <h6 class=\"spa-bienestar-subtitulo\">Spa & Bienestar<\/h6>\r\n        \r\n        <!-- T\u00edtulo principal -->\r\n        <h2 class=\"spa-bienestar-titulo\">Descanso y reconexi\u00f3n en plena Patagonia<\/h2>\r\n        \r\n        <!-- Subt\u00edtulo secundario -->\r\n        <h4 class=\"spa-bienestar-subtitulo-secundario\">Espacios dise\u00f1ados para moverse, contemplar y desconectar de la rutina<\/h4>\r\n        \r\n        <!-- Contenido descriptivo -->\r\n        <div class=\"spa-bienestar-contenido\">\r\n            <p>Sauna seco, ducha escocesa, masajes, hidromasajes, mini gimnasio, sal\u00f3n de lectura, sala de relax y un deck exterior con vistas abiertas al bosque.<\/p>\r\n            \r\n            <p>Cada detalle acompa\u00f1a el descanso, textiles de alta gama, amenities de calidad boutique y una selecci\u00f3n de productos de cuidado personal con fragancias delicadas y formulaciones nobles.<\/p>\r\n        <\/div>\r\n        \r\n    <\/div>\r\n<\/div>\t\t\t\t<\/div>\n\t\t\t\t<div class=\"elementor-element elementor-element-cf47120 elementor-skin-carousel elementor-arrows-yes elementor-pagination-type-bullets elementor-pagination-position-outside elementor-widget elementor-widget-media-carousel\" data-id=\"cf47120\" data-element_type=\"widget\" data-e-type=\"widget\" data-settings=\"{&quot;space_between&quot;:{&quot;unit&quot;:&quot;px&quot;,&quot;size&quot;:20,&quot;sizes&quot;:[]},&quot;skin&quot;:&quot;carousel&quot;,&quot;effect&quot;:&quot;slide&quot;,&quot;show_arrows&quot;:&quot;yes&quot;,&quot;pagination&quot;:&quot;bullets&quot;,&quot;speed&quot;:500,&quot;autoplay&quot;:&quot;yes&quot;,&quot;autoplay_speed&quot;:5000,&quot;loop&quot;:&quot;yes&quot;,&quot;pause_on_hover&quot;:&quot;yes&quot;,&quot;pause_on_interaction&quot;:&quot;yes&quot;,&quot;space_between_tablet&quot;:{&quot;unit&quot;:&quot;px&quot;,&quot;size&quot;:10,&quot;sizes&quot;:[]},&quot;space_between_mobile&quot;:{&quot;unit&quot;:&quot;px&quot;,&quot;size&quot;:10,&quot;sizes&quot;:[]}}\" data-widget_type=\"media-carousel.default\">\n\t\t\t\t\t\t\t\t\t\t<div class=\"elementor-main-swiper swiper\" role=\"region\" aria-roledescription=\"carousel\" aria-label=\"Slides\">\n\t\t\t\t<div class=\"swiper-wrapper\">\n\t\t\t\t\t\t\t\t\t\t\t<div class=\"swiper-slide\" role=\"group\" aria-roledescription=\"slide\">\n\t\t\t\t\t\t\t\t\t<div class=\"elementor-carousel-image\" role=\"img\" aria-label=\"FF15\" style=\"background-image: url(&#039;https:\/\/elementor.extrategik.com\/wp-content\/uploads\/2025\/09\/FF15.png&#039;)\">\n\n\t\t\t\n\t\t\t\t\t<\/div>\n\t\t\t\t\t\t\t\t<\/div>\n\t\t\t\t\t\t\t\t\t\t\t<div class=\"swiper-slide\" role=\"group\" aria-roledescription=\"slide\">\n\t\t\t\t\t\t\t\t\t<div class=\"elementor-carousel-image\" role=\"img\" aria-label=\"FF 2\" style=\"background-image: url(&#039;https:\/\/elementor.extrategik.com\/wp-content\/uploads\/2025\/09\/FF-2.png&#039;)\">\n\n\t\t\t\n\t\t\t\t\t<\/div>\n\t\t\t\t\t\t\t\t<\/div>\n\t\t\t\t\t\t\t\t\t\t\t<div class=\"swiper-slide\" role=\"group\" aria-roledescription=\"slide\">\n\t\t\t\t\t\t\t\t\t<div class=\"elementor-carousel-image\" role=\"img\" aria-label=\"FF4\" style=\"background-image: url(&#039;https:\/\/elementor.extrategik.com\/wp-content\/uploads\/2025\/09\/FF4.png&#039;)\">\n\n\t\t\t\n\t\t\t\t\t<\/div>\n\t\t\t\t\t\t\t\t<\/div>\n\t\t\t\t\t\t\t\t\t\t\t<div class=\"swiper-slide\" role=\"group\" aria-roledescription=\"slide\">\n\t\t\t\t\t\t\t\t\t<div class=\"elementor-carousel-image\" role=\"img\" aria-label=\"FF5\" style=\"background-image: url(&#039;https:\/\/elementor.extrategik.com\/wp-content\/uploads\/2025\/09\/FF5.png&#039;)\">\n\n\t\t\t\n\t\t\t\t\t<\/div>\n\t\t\t\t\t\t\t\t<\/div>\n\t\t\t\t\t\t\t\t\t\t\t<div class=\"swiper-slide\" role=\"group\" aria-roledescription=\"slide\">\n\t\t\t\t\t\t\t\t\t<div class=\"elementor-carousel-image\" role=\"img\" aria-label=\"FF9\" style=\"background-image: url(&#039;https:\/\/elementor.extrategik.com\/wp-content\/uploads\/2025\/09\/FF9-scaled.jpg&#039;)\">\n\n\t\t\t\n\t\t\t\t\t<\/div>\n\t\t\t\t\t\t\t\t<\/div>\n\t\t\t\t\t\t\t\t\t<\/div>\n\t\t\t\t\t\t\t\t\t\t\t\t\t\t\t<div class=\"elementor-swiper-button elementor-swiper-button-prev\" role=\"button\" tabindex=\"0\" aria-label=\"Previous\">\n\t\t\t\t\t\t\t<svg aria-hidden=\"true\" class=\"e-font-icon-svg e-eicon-chevron-left\" viewbox=\"0 0 1000 1000\" xmlns=\"http:\/\/www.w3.org\/2000\/svg\"><path d=\"M646 125C629 125 613 133 604 142L308 442C296 454 292 471 292 487 292 504 296 521 308 533L604 854C617 867 629 875 646 875 663 875 679 871 692 858 704 846 713 829 713 812 713 796 708 779 692 767L438 487 692 225C700 217 708 204 708 187 708 171 704 154 692 142 675 129 663 125 646 125Z\"><\/path><\/svg>\t\t\t\t\t\t<\/div>\n\t\t\t\t\t\t<div class=\"elementor-swiper-button elementor-swiper-button-next\" role=\"button\" tabindex=\"0\" aria-label=\"Next\">\n\t\t\t\t\t\t\t<svg aria-hidden=\"true\" class=\"e-font-icon-svg e-eicon-chevron-right\" viewbox=\"0 0 1000 1000\" xmlns=\"http:\/\/www.w3.org\/2000\/svg\"><path d=\"M696 533C708 521 713 504 713 487 713 471 708 454 696 446L400 146C388 133 375 125 354 125 338 125 325 129 313 142 300 154 292 171 292 187 292 204 296 221 308 233L563 492 304 771C292 783 288 800 288 817 288 833 296 850 308 863 321 871 338 875 354 875 371 875 388 867 400 854L696 533Z\"><\/path><\/svg>\t\t\t\t\t\t<\/div>\n\t\t\t\t\t\t\t\t\t\t\t\t\t\t\t\t<div class=\"swiper-pagination\"><\/div>\n\t\t\t\t\t\t\t\t\t\t\t\t<\/div>\n\t\t\t\t\t\t\t\t<\/div>\n\t\t\t\t\t<\/div>\n\t\t\t\t<\/div>\n\t\t<div class=\"elementor-element elementor-element-60f822f e-flex e-con-boxed e-con e-parent\" data-id=\"60f822f\" data-element_type=\"container\" data-e-type=\"container\">\n\t\t\t\t\t<div class=\"e-con-inner\">\n\t\t\t\t<div class=\"elementor-element elementor-element-e9f26a5 elementor-widget elementor-widget-html\" data-id=\"e9f26a5\" data-element_type=\"widget\" data-e-type=\"widget\" data-widget_type=\"html.default\">\n\t\t\t\t\t<style>\r\n.retiros-section {\r\n    padding: 100px 0 200px 0;\r\n    max-width: 1200px;\r\n    margin: 0 auto;\r\n}\r\n\r\n.retiros-container {\r\n    display: flex;\r\n    gap: 10px;\r\n    align-items: stretch;\r\n    padding: 0 20px;\r\n}\r\n\r\n.retiros-columna-titulo {\r\n    flex: 0 0 28%;\r\n    padding: 0;\r\n}\r\n\r\n.retiros-titulo {\r\n    font-family: 'TTFIRS static', sans-serif;\r\n    font-weight: 900;\r\n    font-size: 2.5em;\r\n    color: #D5C9B6;\r\n    margin: 0 0 15px 0;\r\n    line-height: 1.2;\r\n}\r\n\r\n.retiros-subtitulo {\r\n    font-family: 'TTFIRS static', sans-serif;\r\n    font-weight: 800;\r\n    font-size: 16px;\r\n    color: #FFFFFF;\r\n    margin: 0;\r\n    line-height: 1.4;\r\n}\r\n\r\n.retiros-columna-texto {\r\n    flex: 0 0 48%;\r\n    padding: 0 100px 0 50px;\r\n}\r\n\r\n.retiros-descripcion {\r\n    font-family: 'TTFIRS static', sans-serif;\r\n    font-weight: normal;\r\n    font-size: 16px;\r\n    color: #FFFFFF;\r\n    line-height: 1.6;\r\n    margin: 0;\r\n}\r\n\r\n.retiros-columna-boton {\r\n    flex: 0 0 23.33%;\r\n    display: flex;\r\n    justify-content: flex-end;\r\n    align-items: center;\r\n}\r\n\r\n.retiros-boton {\r\n    display: inline-block;\r\n    padding: 12px 30px;\r\n    font-family: 'TTFIRS static', sans-serif;\r\n    font-size: 14px;\r\n    font-weight: 800;\r\n    color: #D5C9B6;\r\n    background-color: transparent;\r\n    border: 2px solid #D5C9B6;\r\n    border-radius: 30px;\r\n    text-decoration: none;\r\n    transition: all 0.3s ease;\r\n    text-transform: none;\r\n    letter-spacing: 0.5px;\r\n}\r\n\r\n.retiros-boton:hover {\r\n    background-color: #D5C9B6;\r\n    color: #0F172A;\r\n    transform: translateY(-2px);\r\n    box-shadow: 0 8px 20px rgba(213, 201, 182, 0.3);\r\n}\r\n\r\n\/* Responsive Design *\/\r\n@media (max-width: 1024px) {\r\n    .retiros-section {\r\n        padding: 50px 0;\r\n    }\r\n    \r\n    .retiros-container {\r\n        padding: 0 50px;\r\n    }\r\n    \r\n    .retiros-columna-texto {\r\n        padding: 0 30px 0 25px;\r\n    }\r\n    \r\n    .retiros-titulo {\r\n        font-size: 2.2em;\r\n    }\r\n}\r\n\r\n@media (max-width: 768px) {\r\n    .retiros-section {\r\n        padding: 50px 0 75px 0;\r\n    }\r\n    \r\n    .retiros-container {\r\n        flex-direction: column;\r\n        gap: 30px;\r\n        padding: 0 30px;\r\n    }\r\n    \r\n    .retiros-columna-titulo,\r\n    .retiros-columna-texto,\r\n    .retiros-columna-boton {\r\n        flex: none;\r\n        width: 100%;\r\n        padding: 0;\r\n    }\r\n    \r\n    .retiros-columna-boton {\r\n        justify-content: flex-start;\r\n        margin-top: 10px;\r\n    }\r\n    \r\n    .retiros-titulo {\r\n        font-size: 2em;\r\n        margin-bottom: 10px;\r\n    }\r\n    \r\n    .retiros-descripcion {\r\n        margin: 30px 0;\r\n        font-size: 15px;\r\n    }\r\n}\r\n\r\n@media (max-width: 480px) {\r\n    .retiros-container {\r\n        padding: 0 20px;\r\n    }\r\n    \r\n    .retiros-titulo {\r\n        font-size: 1.8em;\r\n    }\r\n    \r\n    .retiros-descripcion {\r\n        font-size: 14px;\r\n    }\r\n}\r\n<\/style>\r\n\r\n<div class=\"retiros-section\">\r\n    <div class=\"retiros-container\">\r\n        \r\n        <!-- Columna T\u00edtulo -->\r\n        <div class=\"retiros-columna-titulo\">\r\n            <h2 class=\"retiros-titulo\">Retiros Personalizados<\/h2>\r\n            <p class=\"retiros-subtitulo\"><strong>Un entorno cuidado, dise\u00f1ado para inspirar<\/strong><\/p>\r\n        <\/div>\r\n        \r\n        <!-- Columna Descripci\u00f3n -->\r\n        <div class=\"retiros-columna-texto\">\r\n            <p class=\"retiros-descripcion\">\r\n                Entre mayo y octubre, el lodge se transforma en un refugio para retiros de bienestar privados, y encuentros creativos o profesionales; cl\u00ednicas de escritura, de gui\u00f3n, de fotograf\u00eda; workshops para empresas, etc.\r\n            <\/p>\r\n        <\/div>\r\n        \r\n        <!-- Columna Bot\u00f3n -->\r\n        <div class=\"retiros-columna-boton\">\r\n            <a href=\"https:\/\/wa.me\/5491151482816?text=\u00a1Hola!%20Me%20interesa%20la%20Slow%20living,%20Wellness%20&%20Spa%20Week.%20\u00bfPodr\u00edan%20contarme%20sobre%20las%20fechas%20disponibles?\" target=\"_blank\" class=\"retiros-boton\">\r\n                Reserv\u00e1 tu semana\r\n            <\/a>\r\n        <\/div>\r\n        \r\n    <\/div>\r\n<\/div>\t\t\t\t<\/div>\n\t\t\t\t\t<\/div>\n\t\t\t\t<\/div>\n\t\t\t\t<\/div>","protected":false},"excerpt":{"rendered":"<p>Spa &amp; Bienestar Un refugio para el cuerpo y la mente Mucho m\u00e1s que un lodge: reconexi\u00f3n y belleza salvaje en la Patagonia m\u00e1s serena El alma de Ruca Kitai no est\u00e1 solo en sus r\u00edos, sino tambi\u00e9n en el silencio, la calma y la naturaleza intacta que nos rodea. Por eso, adem\u00e1s de ser [&hellip;]<\/p>\n","protected":false},"author":1,"featured_media":0,"parent":0,"menu_order":0,"comment_status":"closed","ping_status":"closed","template":"","meta":{"footnotes":""},"class_list":["post-1202","page","type-page","status-publish","hentry"],"_links":{"self":[{"href":"https:\/\/elementor.extrategik.com\/en\/wp-json\/wp\/v2\/pages\/1202","targetHints":{"allow":["GET"]}}],"collection":[{"href":"https:\/\/elementor.extrategik.com\/en\/wp-json\/wp\/v2\/pages"}],"about":[{"href":"https:\/\/elementor.extrategik.com\/en\/wp-json\/wp\/v2\/types\/page"}],"author":[{"embeddable":true,"href":"https:\/\/elementor.extrategik.com\/en\/wp-json\/wp\/v2\/users\/1"}],"replies":[{"embeddable":true,"href":"https:\/\/elementor.extrategik.com\/en\/wp-json\/wp\/v2\/comments?post=1202"}],"version-history":[{"count":61,"href":"https:\/\/elementor.extrategik.com\/en\/wp-json\/wp\/v2\/pages\/1202\/revisions"}],"predecessor-version":[{"id":1545,"href":"https:\/\/elementor.extrategik.com\/en\/wp-json\/wp\/v2\/pages\/1202\/revisions\/1545"}],"wp:attachment":[{"href":"https:\/\/elementor.extrategik.com\/en\/wp-json\/wp\/v2\/media?parent=1202"}],"curies":[{"name":"wp","href":"https:\/\/api.w.org\/{rel}","templated":true}]}}